{"id":58,"date":"2023-09-19T15:51:09","date_gmt":"2023-09-19T20:51:09","guid":{"rendered":"https:\/\/publicalifornia.com\/?page_id=58"},"modified":"2024-03-11T08:31:56","modified_gmt":"2024-03-11T13:31:56","slug":"inicio","status":"publish","type":"page","link":"https:\/\/publicalifornia.com\/","title":{"rendered":"Inicio"},"content":{"rendered":"<p>[et_pb_section fb_built=\u00bb1&#8243; _builder_version=\u00bb4.22.1&#8243; _module_preset=\u00bbdefault\u00bb width=\u00bb100%\u00bb custom_margin=\u00bb0px||0px||false|false\u00bb custom_padding=\u00bb0px||0px||false|false\u00bb global_colors_info=\u00bb{}\u00bb][et_pb_row _builder_version=\u00bb4.22.1&#8243; _module_preset=\u00bbdefault\u00bb width=\u00bb100%\u00bb custom_padding=\u00bb||12px|||\u00bb global_colors_info=\u00bb{}\u00bb][et_pb_column type=\u00bb4_4&#8243; _builder_version=\u00bb4.22.1&#8243; _module_preset=\u00bbdefault\u00bb global_colors_info=\u00bb{}\u00bb][et_pb_slider _builder_version=\u00bb4.22.1&#8243; _module_preset=\u00bbdefault\u00bb global_colors_info=\u00bb{}\u00bb][et_pb_slide button_text=\u00bbVer mas..\u00bb _builder_version=\u00bb4.22.1&#8243; _module_preset=\u00bbdefault\u00bb background_enable_color=\u00bboff\u00bb background_image=\u00bbhttps:\/\/publicalifornia.com\/wp-content\/uploads\/2023\/11\/Captura-de-pantalla-2023-11-25-110423.png\u00bb background_enable_image=\u00bbon\u00bb background_size=\u00bbstretch\u00bb custom_button=\u00bbon\u00bb button_text_color=\u00bb#FA9A1D\u00bb button_icon=\u00bb&#xf40c;||fa||400&#8243; button_alignment=\u00bbleft\u00bb button_custom_margin=\u00bb0px||-4px|-81px|false|false\u00bb button_custom_padding=\u00bb0px||0px||false|false\u00bb global_colors_info=\u00bb{}\u00bb sticky_transition=\u00bbon\u00bb][\/et_pb_slide][et_pb_slide button_text=\u00bbVer mas..\u00bb _builder_version=\u00bb4.22.1&#8243; _module_preset=\u00bbdefault\u00bb background_enable_color=\u00bboff\u00bb background_image=\u00bbhttps:\/\/publicalifornia.com\/wp-content\/uploads\/2023\/11\/Captura-de-pantalla-2023-11-25-110357.png\u00bb background_enable_image=\u00bbon\u00bb background_size=\u00bbstretch\u00bb custom_button=\u00bbon\u00bb button_text_color=\u00bb#FA9A1D\u00bb button_alignment=\u00bbleft\u00bb button_custom_margin=\u00bb||-5px|-86px|false|false\u00bb global_colors_info=\u00bb{}\u00bb sticky_transition=\u00bbon\u00bb][\/et_pb_slide][et_pb_slide button_text=\u00bbClick Here\u00bb _builder_version=\u00bb4.22.1&#8243; _module_preset=\u00bbdefault\u00bb background_enable_color=\u00bboff\u00bb background_image=\u00bbhttps:\/\/publicalifornia.com\/wp-content\/uploads\/2023\/11\/Captura-de-pantalla-2023-11-25-110336.png\u00bb background_enable_image=\u00bbon\u00bb background_size=\u00bbstretch\u00bb custom_button=\u00bbon\u00bb button_text_color=\u00bb#FA9A1D\u00bb button_alignment=\u00bbleft\u00bb button_custom_margin=\u00bb|||-87px|false|false\u00bb global_colors_info=\u00bb{}\u00bb sticky_transition=\u00bbon\u00bb][\/et_pb_slide][et_pb_slide button_text=\u00bbVer mas..\u00bb _builder_version=\u00bb4.22.1&#8243; _module_preset=\u00bbdefault\u00bb background_color=\u00bbRGBA(255,255,255,0)\u00bb background_enable_color=\u00bbon\u00bb background_image=\u00bbhttps:\/\/publicalifornia.com\/wp-content\/uploads\/2023\/11\/Captura-de-pantalla-2023-11-25-110545.png\u00bb background_enable_image=\u00bbon\u00bb background_size=\u00bbstretch\u00bb background_blend=\u00bbscreen\u00bb custom_button=\u00bbon\u00bb button_text_color=\u00bb#FA9A1D\u00bb button_alignment=\u00bbleft\u00bb button_custom_margin=\u00bb|||-91px|false|false\u00bb global_colors_info=\u00bb{}\u00bb sticky_transition=\u00bbon\u00bb][\/et_pb_slide][et_pb_slide button_text=\u00bbClick Here\u00bb _builder_version=\u00bb4.22.1&#8243; _module_preset=\u00bbdefault\u00bb background_enable_color=\u00bboff\u00bb background_image=\u00bbhttps:\/\/publicalifornia.com\/wp-content\/uploads\/2023\/11\/Captura-de-pantalla-2023-11-25-110524.png\u00bb background_enable_image=\u00bbon\u00bb background_size=\u00bbstretch\u00bb custom_button=\u00bbon\u00bb button_text_color=\u00bb#FA9A1D\u00bb button_alignment=\u00bbleft\u00bb button_custom_margin=\u00bb|||-87px|false|false\u00bb global_colors_info=\u00bb{}\u00bb sticky_transition=\u00bbon\u00bb][\/et_pb_slide][et_pb_slide button_text=\u00bbVer mas..\u00bb _builder_version=\u00bb4.22.1&#8243; _module_preset=\u00bbdefault\u00bb background_enable_color=\u00bboff\u00bb background_image=\u00bbhttps:\/\/publicalifornia.com\/wp-content\/uploads\/2023\/11\/Captura-de-pantalla-2023-11-25-110458.png\u00bb background_enable_image=\u00bbon\u00bb background_size=\u00bbstretch\u00bb background_position=\u00bbtop_center\u00bb background_vertical_offset=\u00bb1%\u00bb custom_button=\u00bbon\u00bb button_text_color=\u00bb#FA9A1D\u00bb button_alignment=\u00bbleft\u00bb button_custom_margin=\u00bb|||-87px|false|false\u00bb global_colors_info=\u00bb{}\u00bb sticky_transition=\u00bbon\u00bb][\/et_pb_slide][\/et_pb_slider][\/et_pb_column][\/et_pb_row][\/et_pb_section][et_pb_section fb_built=\u00bb1&#8243; admin_label=\u00bbCall to Action\u00bb _builder_version=\u00bb4.19.1&#8243; _module_preset=\u00bbdefault\u00bb custom_padding=\u00bb0px||0px||true|false\u00bb global_module=\u00bb520&#8243; saved_tabs=\u00bball\u00bb collapsed=\u00bbon\u00bb global_colors_info=\u00bb{}\u00bb][et_pb_row _builder_version=\u00bb4.22.1&#8243; _module_preset=\u00bbdefault\u00bb custom_padding=\u00bb19px|||||\u00bb global_colors_info=\u00bb{}\u00bb][et_pb_column type=\u00bb4_4&#8243; _builder_version=\u00bb4.22.1&#8243; _module_preset=\u00bbdefault\u00bb global_colors_info=\u00bb{}\u00bb][et_pb_text _builder_version=\u00bb4.22.1&#8243; _module_preset=\u00bbdefault\u00bb text_font=\u00bb|700|||||||\u00bb text_font_size=\u00bb25px\u00bb header_font=\u00bbmont ligth|900|||||||\u00bb header_text_align=\u00bbcenter\u00bb header_text_color=\u00bb#e94e1b\u00bb header_font_size=\u00bb55px\u00bb header_letter_spacing=\u00bb3px\u00bb header_line_height=\u00bb1.2em\u00bb header_3_font=\u00bbmont ligth|600|||||||\u00bb header_3_text_align=\u00bbcenter\u00bb text_orientation=\u00bbcenter\u00bb custom_margin=\u00bb||5px|||\u00bb hover_enabled=\u00bb0&#8243; global_colors_info=\u00bb{}\u00bb animation_style=\u00bbzoom\u00bb sticky_enabled=\u00bb0&#8243;]<\/p>\n<h1>PUBLICIDAD CALIFORNIA<\/h1>\n<p>[\/et_pb_text][et_pb_text _builder_version=\u00bb4.22.1&#8243; _module_preset=\u00bbdefault\u00bb text_font=\u00bb|700|||||||\u00bb text_font_size=\u00bb25px\u00bb header_3_font=\u00bbmont ligth|800|||||||\u00bb header_3_text_align=\u00bbcenter\u00bb text_orientation=\u00bbcenter\u00bb global_colors_info=\u00bb{}\u00bb]<\/p>\n<h3>\u00a0Tenemos lo que necesitas y creamos lo que imaginas<\/h3>\n<p>[\/et_pb_text][\/et_pb_column][\/et_pb_row][et_pb_row column_structure=\u00bb1_3,1_3,1_3&#8243; _builder_version=\u00bb4.22.1&#8243; _module_preset=\u00bbdefault\u00bb hover_enabled=\u00bb0&#8243; global_colors_info=\u00bb{}\u00bb animation_style=\u00bbfade\u00bb sticky_enabled=\u00bb0&#8243;][et_pb_column type=\u00bb1_3&#8243; _builder_version=\u00bb4.22.1&#8243; _module_preset=\u00bbdefault\u00bb global_colors_info=\u00bb{}\u00bb][et_pb_image src=\u00bbhttps:\/\/publicalifornia.com\/wp-content\/uploads\/2023\/12\/icono-disen\u2560ao-gra\u2560ufico.png\u00bb title_text=\u00bbicono disen\u2560\u00e2o gra\u2560\u00fcfico\u00bb _builder_version=\u00bb4.22.1&#8243; _module_preset=\u00bbdefault\u00bb custom_margin=\u00bb|90px||90px|false|false\u00bb custom_padding=\u00bb|0px||0px|false|false\u00bb global_colors_info=\u00bb{}\u00bb][\/et_pb_image][et_pb_text _builder_version=\u00bb4.22.1&#8243; _module_preset=\u00bbdefault\u00bb header_3_font=\u00bbmont ligth|700|||||||\u00bb header_3_text_align=\u00bbcenter\u00bb header_3_text_color=\u00bb#e94e1b\u00bb header_3_font_size=\u00bb24px\u00bb custom_margin=\u00bb||0px|||\u00bb global_colors_info=\u00bb{}\u00bb]<\/p>\n<h3>PRODUCTOS<\/h3>\n<p>[\/et_pb_text][et_pb_text _builder_version=\u00bb4.22.1&#8243; _module_preset=\u00bbdefault\u00bb text_letter_spacing=\u00bb1px\u00bb text_line_height=\u00bb1.4em\u00bb text_orientation=\u00bbcenter\u00bb min_height=\u00bb86.6px\u00bb custom_margin=\u00bb|0px||0px|false|false\u00bb custom_padding=\u00bb|50px||50px|false|false\u00bb global_colors_info=\u00bb{}\u00bb]<\/p>\n<p>Todos nuestros productos al por mayor y menor. trabajos personalizados<\/p>\n<p>[\/et_pb_text][\/et_pb_column][et_pb_column type=\u00bb1_3&#8243; _builder_version=\u00bb4.22.1&#8243; _module_preset=\u00bbdefault\u00bb global_colors_info=\u00bb{}\u00bb][et_pb_image src=\u00bbhttps:\/\/publicalifornia.com\/wp-content\/uploads\/2023\/12\/icono-murales.png\u00bb title_text=\u00bbicono murales\u00bb _builder_version=\u00bb4.22.1&#8243; _module_preset=\u00bbdefault\u00bb custom_margin=\u00bb|90px||90px|false|false\u00bb custom_padding=\u00bb|0px||0px|false|false\u00bb global_colors_info=\u00bb{}\u00bb][\/et_pb_image][et_pb_text _builder_version=\u00bb4.22.1&#8243; _module_preset=\u00bbdefault\u00bb header_3_font=\u00bbmont ligth|700|||||||\u00bb header_3_text_align=\u00bbcenter\u00bb header_3_text_color=\u00bb#e94e1b\u00bb header_3_font_size=\u00bb24px\u00bb custom_margin=\u00bb||0px|||\u00bb global_colors_info=\u00bb{}\u00bb]<\/p>\n<h3>SERVICIOS<\/h3>\n<p>[\/et_pb_text][et_pb_text _builder_version=\u00bb4.22.1&#8243; _module_preset=\u00bbdefault\u00bb text_letter_spacing=\u00bb1px\u00bb text_line_height=\u00bb1.4em\u00bb text_orientation=\u00bbcenter\u00bb min_height=\u00bb86.6px\u00bb custom_margin=\u00bb|0px||0px|false|false\u00bb custom_padding=\u00bb|50px||50px|false|false\u00bb global_colors_info=\u00bb{}\u00bb]<\/p>\n<p>Experiencia y capacidad de <br \/>ejecutar grandes proyectos<\/p>\n<p>[\/et_pb_text][\/et_pb_column][et_pb_column type=\u00bb1_3&#8243; _builder_version=\u00bb4.22.1&#8243; _module_preset=\u00bbdefault\u00bb global_colors_info=\u00bb{}\u00bb][et_pb_image src=\u00bbhttps:\/\/publicalifornia.com\/wp-content\/uploads\/2023\/12\/icono-trabajo-en-alucobond-.png\u00bb title_text=\u00bbicono trabajo en alucobond\u00bb _builder_version=\u00bb4.22.1&#8243; _module_preset=\u00bbdefault\u00bb custom_margin=\u00bb|90px||90px|false|true\u00bb custom_padding=\u00bb|0px||0px|false|false\u00bb global_colors_info=\u00bb{}\u00bb][\/et_pb_image][et_pb_text _builder_version=\u00bb4.22.1&#8243; _module_preset=\u00bbdefault\u00bb header_3_font=\u00bbmont ligth|700|||||||\u00bb header_3_text_align=\u00bbcenter\u00bb header_3_text_color=\u00bb#e94e1b\u00bb header_3_font_size=\u00bb24px\u00bb custom_margin=\u00bb||0px|||\u00bb global_colors_info=\u00bb{}\u00bb]<\/p>\n<h3>TRABAJOS<\/h3>\n<p>[\/et_pb_text][et_pb_text _builder_version=\u00bb4.22.1&#8243; _module_preset=\u00bbdefault\u00bb text_letter_spacing=\u00bb1px\u00bb text_line_height=\u00bb1.4em\u00bb text_orientation=\u00bbcenter\u00bb min_height=\u00bb86.6px\u00bb custom_margin=\u00bb|0px||0px|false|false\u00bb custom_padding=\u00bb|41px||40px|false|false\u00bb global_colors_info=\u00bb{}\u00bb]<\/p>\n<p>Algunos de los trabajos que nos<br \/>enorgullecen<\/p>\n<p>[\/et_pb_text][\/et_pb_column][\/et_pb_row][et_pb_row _builder_version=\u00bb4.22.1&#8243; _module_preset=\u00bbdefault\u00bb global_colors_info=\u00bb{}\u00bb][et_pb_column type=\u00bb4_4&#8243; _builder_version=\u00bb4.22.1&#8243; _module_preset=\u00bbdefault\u00bb global_colors_info=\u00bb{}\u00bb][et_pb_text _builder_version=\u00bb4.22.1&#8243; _module_preset=\u00bbdefault\u00bb header_font=\u00bbmont ligth|900|||||||\u00bb header_text_color=\u00bb#FFFFFF\u00bb header_font_size=\u00bb43px\u00bb header_letter_spacing=\u00bb3px\u00bb background_color=\u00bb#000000&#8243; custom_margin=\u00bb-63px|-60px|-2px|-60px|false|false\u00bb custom_padding=\u00bb25px||20px|80px|false|false\u00bb global_colors_info=\u00bb{}\u00bb]<\/p>\n<h1>LA EMPRESA<\/h1>\n<p>[\/et_pb_text][\/et_pb_column][\/et_pb_row][\/et_pb_section][et_pb_section fb_built=\u00bb1&#8243; _builder_version=\u00bb4.22.1&#8243; _module_preset=\u00bbdefault\u00bb custom_padding=\u00bb||14px|||\u00bb global_colors_info=\u00bb{}\u00bb][et_pb_row column_structure=\u00bb1_2,1_2&#8243; _builder_version=\u00bb4.22.1&#8243; _module_preset=\u00bbdefault\u00bb global_colors_info=\u00bb{}\u00bb][et_pb_column type=\u00bb1_2&#8243; _builder_version=\u00bb4.22.1&#8243; _module_preset=\u00bbdefault\u00bb global_colors_info=\u00bb{}\u00bb][et_pb_image src=\u00bbhttps:\/\/publicalifornia.com\/wp-content\/uploads\/2024\/02\/IMG_INICIO.png\u00bb title_text=\u00bbIMG_INICIO\u00bb _builder_version=\u00bb4.22.1&#8243; _module_preset=\u00bbdefault\u00bb global_colors_info=\u00bb{}\u00bb][\/et_pb_image][\/et_pb_column][et_pb_column type=\u00bb1_2&#8243; _builder_version=\u00bb4.22.1&#8243; _module_preset=\u00bbdefault\u00bb global_colors_info=\u00bb{}\u00bb][et_pb_text _builder_version=\u00bb4.22.1&#8243; _module_preset=\u00bbdefault\u00bb text_font=\u00bbArchivo|500|||||||\u00bb text_font_size=\u00bb15px\u00bb text_letter_spacing=\u00bb1px\u00bb text_orientation=\u00bbjustified\u00bb custom_margin=\u00bb6px||||false|false\u00bb custom_padding=\u00bb0px|45px||45px|false|true\u00bb global_colors_info=\u00bb{}\u00bb]<\/p>\n<p>En Publicidad California, valoramos la relaci\u00f3n con nuestros clientes y nos\u00a0 esforzamos por establecer una\u00a0 comunicaci\u00f3n clara y efectiva. Consideramos cada proyecto como una colaboraci\u00f3n en la que trabajamos en estrecha colaboraci\u00f3n con nuestros clientes para garantizar que el resultado final refleje su visi\u00f3n y valores.<br \/>Si est\u00e1s buscando un equipo de dise\u00f1o creativo y comprometido, no dudes en ponerte en contacto con nosotros.\u00a1Estaremos encantados de ayudarte a llevar tu marca al siguiente nivel!<\/p>\n<p>[\/et_pb_text][\/et_pb_column][\/et_pb_row][\/et_pb_section][et_pb_section fb_built=\u00bb1&#8243; admin_label=\u00bbFooter\u00bb _builder_version=\u00bb4.22.1&#8243; _module_preset=\u00bbdefault\u00bb background_color=\u00bb#08469a\u00bb custom_padding=\u00bb17px||0px|||\u00bb global_module=\u00bb346&#8243; saved_tabs=\u00bball\u00bb collapsed=\u00bbon\u00bb global_colors_info=\u00bb{}\u00bb][et_pb_row _builder_version=\u00bb4.22.1&#8243; _module_preset=\u00bbdefault\u00bb custom_padding=\u00bb0px|||||\u00bb global_colors_info=\u00bb{}\u00bb][et_pb_column type=\u00bb4_4&#8243; _builder_version=\u00bb4.22.1&#8243; _module_preset=\u00bbdefault\u00bb global_colors_info=\u00bb{}\u00bb][et_pb_text _builder_version=\u00bb4.22.1&#8243; _module_preset=\u00bb991636de-2274-4254-b20e-4b56d5535c3f\u00bb text_font=\u00bbmont ligth|700|||||||\u00bb text_text_color=\u00bb#FFFFFF\u00bb text_font_size=\u00bb28px\u00bb text_letter_spacing=\u00bb3px\u00bb header_3_text_color=\u00bb#FFFFFF\u00bb custom_margin=\u00bb||0px||false|false\u00bb global_colors_info=\u00bb{}\u00bb]<\/p>\n<p style=\"text-align: left;\">PUBLICIDAD CALIFORNIA<\/p>\n<p>[\/et_pb_text][\/et_pb_column][\/et_pb_row][et_pb_row _builder_version=\u00bb4.22.1&#8243; _module_preset=\u00bbdefault\u00bb custom_padding=\u00bb0px||0px|||\u00bb global_colors_info=\u00bb{}\u00bb][et_pb_column type=\u00bb4_4&#8243; _builder_version=\u00bb4.22.1&#8243; _module_preset=\u00bbdefault\u00bb global_colors_info=\u00bb{}\u00bb][et_pb_divider color=\u00bb#FFFFFF\u00bb _builder_version=\u00bb4.22.1&#8243; _module_preset=\u00bbdefault\u00bb custom_margin=\u00bb-20px|||||\u00bb global_colors_info=\u00bb{}\u00bb][\/et_pb_divider][\/et_pb_column][\/et_pb_row][et_pb_row column_structure=\u00bb1_4,1_4,1_4,1_4&#8243; _builder_version=\u00bb4.22.1&#8243; _module_preset=\u00bbdefault\u00bb custom_padding=\u00bb||0px|||\u00bb global_colors_info=\u00bb{}\u00bb][et_pb_column type=\u00bb1_4&#8243; _builder_version=\u00bb4.22.1&#8243; _module_preset=\u00bbdefault\u00bb global_colors_info=\u00bb{}\u00bb][et_pb_icon font_icon=\u00bb&#xe01d;||divi||400&#8243; icon_color=\u00bb#FFFFFF\u00bb icon_width=\u00bb25px\u00bb align=\u00bbleft\u00bb _builder_version=\u00bb4.22.1&#8243; _module_preset=\u00bbdefault\u00bb custom_margin=\u00bb-17px||3px||false|false\u00bb custom_padding=\u00bb0px|0px|26px|0px|false|false\u00bb global_colors_info=\u00bb{}\u00bb][\/et_pb_icon][et_pb_text _builder_version=\u00bb4.22.1&#8243; _module_preset=\u00bbdefault\u00bb text_font=\u00bbmont ligth|700|||||||\u00bb text_text_color=\u00bb#FFFFFF\u00bb text_font_size=\u00bb20px\u00bb text_letter_spacing=\u00bb2px\u00bb text_orientation=\u00bbcenter\u00bb width=\u00bb100%\u00bb custom_margin=\u00bb-53px||5px|||\u00bb custom_padding=\u00bb||0px|29px||\u00bb global_colors_info=\u00bb{}\u00bb]<\/p>\n<p>Encuentranos<\/p>\n<p>[\/et_pb_text][et_pb_text _builder_version=\u00bb4.22.1&#8243; _module_preset=\u00bbdefault\u00bb text_font=\u00bbmont ligth||||||||\u00bb text_text_color=\u00bb#FFFFFF\u00bb text_font_size=\u00bb15px\u00bb header_font=\u00bbmont ligth||||||||\u00bb text_orientation=\u00bbcenter\u00bb width=\u00bb100%\u00bb custom_margin=\u00bb-43px||5px|||\u00bb custom_padding=\u00bb52px||0px|7px||\u00bb global_colors_info=\u00bb{}\u00bb]<\/p>\n<p>Rio Guayllabamba <br \/>Av. Los Chasquis<\/p>\n<p>[\/et_pb_text][\/et_pb_column][et_pb_column type=\u00bb1_4&#8243; _builder_version=\u00bb4.22.1&#8243; _module_preset=\u00bbdefault\u00bb global_colors_info=\u00bb{}\u00bb][et_pb_icon font_icon=\u00bb&#xf40c;||fa||400&#8243; icon_color=\u00bb#FFFFFF\u00bb icon_width=\u00bb25px\u00bb align=\u00bbleft\u00bb _builder_version=\u00bb4.22.1&#8243; _module_preset=\u00bbdefault\u00bb custom_margin=\u00bb-17px||3px||false|false\u00bb custom_padding=\u00bb0px|0px|26px|0px|false|false\u00bb global_colors_info=\u00bb{}\u00bb][\/et_pb_icon][et_pb_text _builder_version=\u00bb4.22.1&#8243; _module_preset=\u00bbdefault\u00bb text_font=\u00bbmont ligth|700|||||||\u00bb text_text_color=\u00bb#FFFFFF\u00bb text_font_size=\u00bb20px\u00bb text_letter_spacing=\u00bb2px\u00bb text_orientation=\u00bbcenter\u00bb width=\u00bb100%\u00bb custom_margin=\u00bb-53px||5px|||\u00bb custom_padding=\u00bb||0px|29px||\u00bb global_colors_info=\u00bb{}\u00bb]<\/p>\n<p>Llamanos<\/p>\n<p>[\/et_pb_text][et_pb_text _builder_version=\u00bb4.22.1&#8243; _module_preset=\u00bbdefault\u00bb text_font=\u00bbmont ligth||||||||\u00bb text_text_color=\u00bb#FFFFFF\u00bb text_font_size=\u00bb15px\u00bb width=\u00bb100%\u00bb custom_margin=\u00bb-43px||5px|||\u00bb custom_padding=\u00bb52px||0px|67px||\u00bb global_colors_info=\u00bb{}\u00bb]<\/p>\n<p>(03) 2 &#8211; 586 315\u00a0 \u00a0 \u00a0 \u00a0 \u00a0 \u00a0 \u00a0 (593)98 313 9984<\/p>\n<p>[\/et_pb_text][\/et_pb_column][et_pb_column type=\u00bb1_4&#8243; _builder_version=\u00bb4.22.1&#8243; _module_preset=\u00bbdefault\u00bb global_colors_info=\u00bb{}\u00bb][et_pb_text _builder_version=\u00bb4.22.1&#8243; _module_preset=\u00bbdefault\u00bb text_font=\u00bbmont ligth|700|||||||\u00bb text_text_color=\u00bb#FFFFFF\u00bb text_font_size=\u00bb20px\u00bb text_letter_spacing=\u00bb2px\u00bb text_orientation=\u00bbcenter\u00bb width=\u00bb100%\u00bb custom_margin=\u00bb-62px|0px|-6px|0px|false|false\u00bb custom_padding=\u00bb42px||0px|22px|false|false\u00bb global_colors_info=\u00bb{}\u00bb]<\/p>\n<p>Escribenos<\/p>\n<p>[\/et_pb_text][et_pb_icon font_icon=\u00bb&#xf0e0;||fa||400&#8243; icon_color=\u00bb#FFFFFF\u00bb icon_width=\u00bb25px\u00bb align=\u00bbleft\u00bb _builder_version=\u00bb4.22.1&#8243; _module_preset=\u00bbdefault\u00bb custom_margin=\u00bb-25px||0px||false|false\u00bb custom_padding=\u00bb0px|0px|26px|0px|false|false\u00bb global_colors_info=\u00bb{}\u00bb][\/et_pb_icon][et_pb_text _builder_version=\u00bb4.22.1&#8243; _module_preset=\u00bbdefault\u00bb text_font=\u00bbmont ligth||||||||\u00bb text_text_color=\u00bb#FFFFFF\u00bb text_font_size=\u00bb15px\u00bb header_font=\u00bbmont ligth||||||||\u00bb width=\u00bb100%\u00bb custom_margin=\u00bb-7px||0px||false|false\u00bb custom_padding=\u00bb0px||0px|4px|false|false\u00bb global_colors_info=\u00bb{}\u00bb]<\/p>\n<p>info@publicalifornia.com ventas@publicalifornia.com<\/p>\n<p>[\/et_pb_text][\/et_pb_column][et_pb_column type=\u00bb1_4&#8243; _builder_version=\u00bb4.22.1&#8243; _module_preset=\u00bbdefault\u00bb global_colors_info=\u00bb{}\u00bb][et_pb_social_media_follow _builder_version=\u00bb4.22.1&#8243; _module_preset=\u00bbdefault\u00bb global_colors_info=\u00bb{}\u00bb][et_pb_social_media_follow_network social_network=\u00bbfacebook\u00bb _builder_version=\u00bb4.22.1&#8243; _module_preset=\u00bbdefault\u00bb background_color=\u00bb#3b5998&#8243; global_colors_info=\u00bb{}\u00bb follow_button=\u00bboff\u00bb url_new_window=\u00bbon\u00bb]facebook[\/et_pb_social_media_follow_network][et_pb_social_media_follow_network social_network=\u00bbtwitter\u00bb _builder_version=\u00bb4.22.1&#8243; _module_preset=\u00bbdefault\u00bb background_color=\u00bb#00aced\u00bb global_colors_info=\u00bb{}\u00bb follow_button=\u00bboff\u00bb url_new_window=\u00bbon\u00bb]twitter[\/et_pb_social_media_follow_network][\/et_pb_social_media_follow][et_pb_text _builder_version=\u00bb4.22.1&#8243; _module_preset=\u00bbdefault\u00bb header_font=\u00bbmont ligth||||||||\u00bb header_3_font=\u00bbmont ligth|600|||||||\u00bb header_3_text_color=\u00bb#FFFFFF\u00bb custom_margin=\u00bb-26px|||||\u00bb global_colors_info=\u00bb{}\u00bb]<\/p>\n<h3>SIGUENOS<\/h3>\n<p>[\/et_pb_text][et_pb_text _builder_version=\u00bb4.22.1&#8243; _module_preset=\u00bbdefault\u00bb text_font=\u00bbmont|600|||||||\u00bb text_text_color=\u00bb#FFFFFF\u00bb text_letter_spacing=\u00bb3px\u00bb custom_margin=\u00bb-37px|-5px|-9px||false|false\u00bb custom_padding=\u00bb0px||0px||false|false\u00bb global_colors_info=\u00bb{}\u00bb]<\/p>\n<p>AMBATO &#8211; ECUADOR<\/p>\n<p>[\/et_pb_text][\/et_pb_column][\/et_pb_row][et_pb_row _builder_version=\u00bb4.22.1&#8243; _module_preset=\u00bbdefault\u00bb custom_padding=\u00bb||0px|||\u00bb global_colors_info=\u00bb{}\u00bb][et_pb_column type=\u00bb4_4&#8243; _builder_version=\u00bb4.22.1&#8243; _module_preset=\u00bbdefault\u00bb global_colors_info=\u00bb{}\u00bb][et_pb_divider color=\u00bb#FFFFFF\u00bb _builder_version=\u00bb4.22.1&#8243; _module_preset=\u00bbdefault\u00bb global_colors_info=\u00bb{}\u00bb][\/et_pb_divider][\/et_pb_column][\/et_pb_row][\/et_pb_section]<\/p>\n","protected":false},"excerpt":{"rendered":"<p>PUBLICIDAD CALIFORNIA\u00a0Tenemos lo que necesitas y creamos lo que imaginasPRODUCTOSTodos nuestros productos al por mayor y menor. trabajos personalizadosSERVICIOSExperiencia y capacidad de ejecutar grandes proyectosTRABAJOSAlgunos de los trabajos que nosenorgullecenLA EMPRESAEn Publicidad California, valoramos la relaci\u00f3n con nuestros clientes y nos\u00a0 esforzamos por establecer una\u00a0 comunicaci\u00f3n clara y efectiva. Consideramos cada proyecto como una colaboraci\u00f3n [&hellip;]<\/p>\n","protected":false},"author":1,"featured_media":0,"parent":0,"menu_order":0,"comment_status":"closed","ping_status":"closed","template":"","meta":{"_et_pb_use_builder":"on","_et_pb_old_content":"","_et_gb_content_width":"","footnotes":""},"class_list":["post-58","page","type-page","status-publish","hentry"],"aioseo_notices":[],"_links":{"self":[{"href":"https:\/\/publicalifornia.com\/index.php\/wp-json\/wp\/v2\/pages\/58","targetHints":{"allow":["GET"]}}],"collection":[{"href":"https:\/\/publicalifornia.com\/index.php\/wp-json\/wp\/v2\/pages"}],"about":[{"href":"https:\/\/publicalifornia.com\/index.php\/wp-json\/wp\/v2\/types\/page"}],"author":[{"embeddable":true,"href":"https:\/\/publicalifornia.com\/index.php\/wp-json\/wp\/v2\/users\/1"}],"replies":[{"embeddable":true,"href":"https:\/\/publicalifornia.com\/index.php\/wp-json\/wp\/v2\/comments?post=58"}],"version-history":[{"count":32,"href":"https:\/\/publicalifornia.com\/index.php\/wp-json\/wp\/v2\/pages\/58\/revisions"}],"predecessor-version":[{"id":727,"href":"https:\/\/publicalifornia.com\/index.php\/wp-json\/wp\/v2\/pages\/58\/revisions\/727"}],"wp:attachment":[{"href":"https:\/\/publicalifornia.com\/index.php\/wp-json\/wp\/v2\/media?parent=58"}],"curies":[{"name":"wp","href":"https:\/\/api.w.org\/{rel}","templated":true}]}}